{"id":90,"date":"2014-01-31T14:16:08","date_gmt":"2014-01-31T12:16:08","guid":{"rendered":"http:\/\/www.gabriele-prill.de\/?page_id=90"},"modified":"2024-12-13T15:18:04","modified_gmt":"2024-12-13T14:18:04","slug":"events","status":"publish","type":"page","link":"https:\/\/gabriele-prill.de\/?page_id=90","title":{"rendered":"ABOUT"},"content":{"rendered":"<p><span class=\"Stil44\"><img loading=\"lazy\" decoding=\"async\" class=\"alignnone  wp-image-1650\" src=\"https:\/\/gabriele-prill.de\/wp-content\/uploads\/2024\/04\/Gabriele-Prill-181x300.jpg\" alt=\"\" width=\"125\" height=\"207\" srcset=\"https:\/\/gabriele-prill.de\/wp-content\/uploads\/2024\/04\/Gabriele-Prill-181x300.jpg 181w, https:\/\/gabriele-prill.de\/wp-content\/uploads\/2024\/04\/Gabriele-Prill.jpg 283w\" sizes=\"auto, (max-width: 125px) 100vw, 125px\" \/> Gabriele Prill studierte Visuelle Kommunikation mit Diplomabschluss an der FH Aachen. Im Oktober 1985 zog sie nach Los Angeles. Dort nahm sie eine Lehrt\u00e4tigkeit am Westside-Art-Center in Kunsterziehung f\u00fcr Kinder in Santa Monica auf. 1990 arbeitete f\u00fcr den Film \u201eThe Winged Cage\u201c, Regie: Fu Ding Cheng. 1992 erfolgte in Los Angeles die Gr\u00fcndung der ersten kooperativen Kunstgalerie, \u201eHello Artichoke\u201c. F\u00fcr den Film \u201eDestiny Turns on The Radio\u201c mit Quentin Tarrantino, Regie: Jack Baran, wirkte sie 1994 als \u201eWardrobe Supervisor\u201c mit. Im August 1995 zog Gabriele Prill nach Aachen zur\u00fcck. Hier ist sie als freischaffende K\u00fcnstlerin sowie Grafik-Designerin t\u00e4tig.<\/span><\/p>\n<p><span class=\"Stil44\">Seit 2007 veranstaltet und organisiert sie nach ihrer Idee die Aktion \u201e100 K\u00fcnstler \u2013 100 Kacheln\u201c&nbsp; zu Gunsten <a href=\"http:\/\/www.bunterkreis-aachen.de\/\">Bunter Kreis in der Region Aachen e.V., <\/a>die im Herbst 2016 zum 5.mal stattfand. Ein Spin-Off war die Veranstaltung \u201eF(r)isch von der Wand\u201c, 2018.<\/span><br \/>\n<a href=\"http:\/\/www.100kuenstler-100kacheln.de\/100kunstler2014\/indexHomede.html\">www.100kuenstler-100kacheln.de<\/a><\/p>\n","protected":false},"excerpt":{"rendered":"<p>Gabriele Prill studierte Visuelle Kommunikation mit Diplomabschluss an der FH Aachen. Im Oktober 1985 zog sie nach Los Angeles. Dort nahm sie eine Lehrt\u00e4tigkeit am Westside-Art-Center in Kunsterziehung f\u00fcr Kinder in Santa Monica auf. 1990 arbeitete f\u00fcr den Film \u201eThe Winged Cage\u201c, Regie: Fu Ding Cheng. &hellip; <\/p>\n<p><a href=\"https:\/\/gabriele-prill.de\/?page_id=90\" class=\"more-link\"><span class=\"morelink-icon\">Weiterlesen<\/span><\/a><\/p>\n","protected":false},"author":2,"featured_media":0,"parent":0,"menu_order":0,"comment_status":"closed","ping_status":"open","template":"","meta":{"ngg_post_thumbnail":0,"footnotes":""},"class_list":["post-90","page","type-page","status-publish","hentry"],"_links":{"self":[{"href":"https:\/\/gabriele-prill.de\/index.php?rest_route=\/wp\/v2\/pages\/90","targetHints":{"allow":["GET"]}}],"collection":[{"href":"https:\/\/gabriele-prill.de\/index.php?rest_route=\/wp\/v2\/pages"}],"about":[{"href":"https:\/\/gabriele-prill.de\/index.php?rest_route=\/wp\/v2\/types\/page"}],"author":[{"embeddable":true,"href":"https:\/\/gabriele-prill.de\/index.php?rest_route=\/wp\/v2\/users\/2"}],"replies":[{"embeddable":true,"href":"https:\/\/gabriele-prill.de\/index.php?rest_route=%2Fwp%2Fv2%2Fcomments&post=90"}],"version-history":[{"count":9,"href":"https:\/\/gabriele-prill.de\/index.php?rest_route=\/wp\/v2\/pages\/90\/revisions"}],"predecessor-version":[{"id":1759,"href":"https:\/\/gabriele-prill.de\/index.php?rest_route=\/wp\/v2\/pages\/90\/revisions\/1759"}],"wp:attachment":[{"href":"https:\/\/gabriele-prill.de\/index.php?rest_route=%2Fwp%2Fv2%2Fmedia&parent=90"}],"curies":[{"name":"wp","href":"https:\/\/api.w.org\/{rel}","templated":true}]}}